{"id":856,"date":"2025-04-07T09:09:15","date_gmt":"2025-04-07T09:09:15","guid":{"rendered":"https:\/\/alkemahorizon.com\/politique-de-confidentialite\/"},"modified":"2025-06-17T05:21:27","modified_gmt":"2025-06-17T05:21:27","slug":"politique-de-confidentialite","status":"publish","type":"page","link":"https:\/\/alkemahorizon.com\/fr\/politique-de-confidentialite\/","title":{"rendered":"Politique de confidentialit\u00e9"},"content":{"rendered":"[vc_row type=\u00a0\u00bbin_container\u00a0\u00bb full_screen_row_position=\u00a0\u00bbmiddle\u00a0\u00bb column_margin=\u00a0\u00bbdefault\u00a0\u00bb column_direction=\u00a0\u00bbdefault\u00a0\u00bb column_direction_tablet=\u00a0\u00bbdefault\u00a0\u00bb column_direction_phone=\u00a0\u00bbdefault\u00a0\u00bb scene_position=\u00a0\u00bbcenter\u00a0\u00bb text_color=\u00a0\u00bbdark\u00a0\u00bb text_align=\u00a0\u00bbleft\u00a0\u00bb row_border_radius=\u00a0\u00bbnone\u00a0\u00bb row_border_radius_applies=\u00a0\u00bbbg\u00a0\u00bb overflow=\u00a0\u00bbvisible\u00a0\u00bb overlay_strength=\u00a0\u00bb0.3&Prime; gradient_direction=\u00a0\u00bbleft_to_right\u00a0\u00bb shape_divider_position=\u00a0\u00bbbottom\u00a0\u00bb bg_image_animation=\u00a0\u00bbnone\u00a0\u00bb][vc_column column_padding=\u00a0\u00bbno-extra-padding\u00a0\u00bb column_padding_tablet=\u00a0\u00bbinherit\u00a0\u00bb column_padding_phone=\u00a0\u00bbinherit\u00a0\u00bb column_padding_position=\u00a0\u00bball\u00a0\u00bb column_element_direction_desktop=\u00a0\u00bbdefault\u00a0\u00bb column_element_spacing=\u00a0\u00bbdefault\u00a0\u00bb desktop_text_alignment=\u00a0\u00bbdefault\u00a0\u00bb tablet_text_alignment=\u00a0\u00bbdefault\u00a0\u00bb phone_text_alignment=\u00a0\u00bbdefault\u00a0\u00bb background_color_opacity=\u00a0\u00bb1&Prime; background_hover_color_opacity=\u00a0\u00bb1&Prime; column_backdrop_filter=\u00a0\u00bbnone\u00a0\u00bb column_shadow=\u00a0\u00bbnone\u00a0\u00bb column_border_radius=\u00a0\u00bbnone\u00a0\u00bb column_link_target=\u00a0\u00bb_self\u00a0\u00bb column_position=\u00a0\u00bbdefault\u00a0\u00bb gradient_direction=\u00a0\u00bbleft_to_right\u00a0\u00bb overlay_strength=\u00a0\u00bb0.3&Prime; width=\u00a0\u00bb1\/1&Prime; tablet_width_inherit=\u00a0\u00bbdefault\u00a0\u00bb animation_type=\u00a0\u00bbdefault\u00a0\u00bb bg_image_animation=\u00a0\u00bbnone\u00a0\u00bb border_type=\u00a0\u00bbsimple\u00a0\u00bb column_border_width=\u00a0\u00bbnone\u00a0\u00bb column_border_style=\u00a0\u00bbsolid\u00a0\u00bb][vc_column_text css_animation=\u00a0\u00bbzoomIn\u00a0\u00bb css=\u00a0\u00bb\u00a0\u00bb text_direction=\u00a0\u00bbdefault\u00a0\u00bb]\n<p><strong>Politique de Cookies pour Alkema Horizon<\/strong><br \/>Qu\u2019est-ce que les cookies ?<br \/>Comme cela est courant sur presque tous les sites professionnels, ce site utilise des cookies, de petits fichiers t\u00e9l\u00e9charg\u00e9s sur votre ordinateur, afin d&rsquo;am\u00e9liorer votre exp\u00e9rience. Cette page explique quelles informations ces cookies collectent, comment nous les utilisons, et pourquoi nous devons parfois les stocker. Nous vous expliquerons \u00e9galement comment emp\u00eacher le stockage de ces cookies, bien que cela puisse alt\u00e9rer certaines fonctionnalit\u00e9s du site.<\/p>\n<p>Pour des informations plus g\u00e9n\u00e9rales, consultez l\u2019article Wikip\u00e9dia sur les cookies HTTP.<\/p>\n<p>Comment nous utilisons les cookies<br \/>Nous utilisons les cookies pour plusieurs raisons d\u00e9taill\u00e9es ci-dessous. Malheureusement, dans la plupart des cas, il n\u2019existe pas d\u2019options standards permettant de d\u00e9sactiver les cookies sans d\u00e9sactiver compl\u00e8tement les fonctionnalit\u00e9s qu\u2019ils apportent. Il est donc recommand\u00e9 de laisser les cookies activ\u00e9s si vous n\u2019\u00eates pas s\u00fbr de leur utilit\u00e9, au cas o\u00f9 ils seraient n\u00e9cessaires \u00e0 un service que vous utilisez.<\/p>\n<p>D\u00e9sactivation des cookies<br \/>Vous pouvez emp\u00eacher la configuration des cookies en ajustant les param\u00e8tres de votre navigateur (consultez l\u2019aide de votre navigateur pour savoir comment faire). Notez que la d\u00e9sactivation des cookies affectera la fonctionnalit\u00e9 de ce site et de nombreux autres sites que vous visitez. Cela peut \u00e9galement entra\u00eener la d\u00e9sactivation de certaines fonctionnalit\u00e9s du site. Il est donc recommand\u00e9 de ne pas les d\u00e9sactiver.<\/p>\n<p>Les cookies que nous utilisons<br \/>Cookies li\u00e9s aux formulaires<br \/>Lorsque vous soumettez des donn\u00e9es via un formulaire, tel que celui des pages de contact ou des commentaires, des cookies peuvent \u00eatre utilis\u00e9s pour m\u00e9moriser vos informations utilisateur pour une utilisation ult\u00e9rieure.<\/p>\n<p>Cookies de pr\u00e9f\u00e9rences du site<br \/>Pour am\u00e9liorer votre exp\u00e9rience, nous vous permettons de d\u00e9finir vos pr\u00e9f\u00e9rences concernant le fonctionnement du site. Pour m\u00e9moriser ces pr\u00e9f\u00e9rences, nous devons d\u00e9finir des cookies afin que vos choix soient appliqu\u00e9s \u00e0 chaque visite.<\/p>\n<p>Cookies tiers<br \/>Dans certains cas, nous utilisons \u00e9galement des cookies fournis par des partenaires de confiance.<\/p>\n<p>Ce site utilise Google Analytics, l\u2019un des services d\u2019analyse les plus r\u00e9pandus et fiables, pour nous aider \u00e0 comprendre comment vous utilisez le site et comment am\u00e9liorer votre exp\u00e9rience. Ces cookies peuvent suivre le temps pass\u00e9 sur le site ou les pages visit\u00e9es, afin de produire un contenu toujours plus pertinent.<br \/>\ud83d\udc49 Pour plus d\u2019informations, consultez la page officielle de Google Analytics.<\/p>\n<p>De temps en temps, nous testons de nouvelles fonctionnalit\u00e9s et effectuons de l\u00e9gers changements sur le site. Ces cookies permettent de garantir une exp\u00e9rience coh\u00e9rente et d\u2019\u00e9valuer les pr\u00e9f\u00e9rences des utilisateurs.<\/p>\n<p>\u00c9tant donn\u00e9 que nous proposons des produits ou services, il est essentiel de suivre certaines statistiques comme les conversions (achats). Ces donn\u00e9es nous permettent d\u2019\u00e9valuer la performance de nos campagnes publicitaires et d\u2019ajuster nos prix.<\/p>\n<p>Le service Google AdSense que nous utilisons pour afficher de la publicit\u00e9 utilise le cookie DoubleClick pour proposer des annonces plus pertinentes et limiter le nombre de fois qu\u2019une m\u00eame annonce est affich\u00e9e.<br \/>\u00a0Voir la FAQ officielle de Google AdSense pour en savoir plus.<\/p>\n<p>Nous utilisons \u00e9galement des boutons et\/ou plugins de r\u00e9seaux sociaux sur ce site pour vous permettre d\u2019interagir avec vos profils sociaux.<\/p>\n[\/vc_column_text][\/vc_column][\/vc_row][vc_row type=\u00a0\u00bbin_container\u00a0\u00bb full_screen_row_position=\u00a0\u00bbmiddle\u00a0\u00bb column_margin=\u00a0\u00bbdefault\u00a0\u00bb column_direction=\u00a0\u00bbdefault\u00a0\u00bb column_direction_tablet=\u00a0\u00bbdefault\u00a0\u00bb column_direction_phone=\u00a0\u00bbdefault\u00a0\u00bb scene_position=\u00a0\u00bbcenter\u00a0\u00bb text_color=\u00a0\u00bbdark\u00a0\u00bb text_align=\u00a0\u00bbleft\u00a0\u00bb row_border_radius=\u00a0\u00bbnone\u00a0\u00bb row_border_radius_applies=\u00a0\u00bbbg\u00a0\u00bb overflow=\u00a0\u00bbvisible\u00a0\u00bb overlay_strength=\u00a0\u00bb0.3&Prime; gradient_direction=\u00a0\u00bbleft_to_right\u00a0\u00bb shape_divider_position=\u00a0\u00bbbottom\u00a0\u00bb bg_image_animation=\u00a0\u00bbnone\u00a0\u00bb][vc_column column_padding=\u00a0\u00bbno-extra-padding\u00a0\u00bb column_padding_tablet=\u00a0\u00bbinherit\u00a0\u00bb column_padding_phone=\u00a0\u00bbinherit\u00a0\u00bb column_padding_position=\u00a0\u00bball\u00a0\u00bb column_element_direction_desktop=\u00a0\u00bbdefault\u00a0\u00bb column_element_spacing=\u00a0\u00bbdefault\u00a0\u00bb desktop_text_alignment=\u00a0\u00bbdefault\u00a0\u00bb tablet_text_alignment=\u00a0\u00bbdefault\u00a0\u00bb phone_text_alignment=\u00a0\u00bbdefault\u00a0\u00bb background_color_opacity=\u00a0\u00bb1&Prime; background_hover_color_opacity=\u00a0\u00bb1&Prime; column_backdrop_filter=\u00a0\u00bbnone\u00a0\u00bb column_shadow=\u00a0\u00bbnone\u00a0\u00bb column_border_radius=\u00a0\u00bbnone\u00a0\u00bb column_link_target=\u00a0\u00bb_self\u00a0\u00bb column_position=\u00a0\u00bbdefault\u00a0\u00bb gradient_direction=\u00a0\u00bbleft_to_right\u00a0\u00bb overlay_strength=\u00a0\u00bb0.3&Prime; width=\u00a0\u00bb1\/1&Prime; tablet_width_inherit=\u00a0\u00bbdefault\u00a0\u00bb animation_type=\u00a0\u00bbdefault\u00a0\u00bb bg_image_animation=\u00a0\u00bbnone\u00a0\u00bb border_type=\u00a0\u00bbsimple\u00a0\u00bb column_border_width=\u00a0\u00bbnone\u00a0\u00bb column_border_style=\u00a0\u00bbsolid\u00a0\u00bb][vc_column_text][\/vc_column_text][\/vc_column][\/vc_row]\n<!-- \/wp:post-content -->","protected":false},"excerpt":{"rendered":"<p>[vc_row type=\u00a0\u00bbin_container\u00a0\u00bb full_screen_row_position=\u00a0\u00bbmiddle\u00a0\u00bb column_margin=\u00a0\u00bbdefault\u00a0\u00bb column_direction=\u00a0\u00bbdefault\u00a0\u00bb column_direction_tablet=\u00a0\u00bbdefault\u00a0\u00bb column_direction_phone=\u00a0\u00bbdefault\u00a0\u00bb scene_position=\u00a0\u00bbcenter\u00a0\u00bb text_color=\u00a0\u00bbdark\u00a0\u00bb text_align=\u00a0\u00bbleft\u00a0\u00bb row_border_radius=\u00a0\u00bbnone\u00a0\u00bb row_border_radius_applies=\u00a0\u00bbbg\u00a0\u00bb overflow=\u00a0\u00bbvisible\u00a0\u00bb overlay_strength=\u00a0\u00bb0.3&Prime; gradient_direction=\u00a0\u00bbleft_to_right\u00a0\u00bb shape_divider_position=\u00a0\u00bbbottom\u00a0\u00bb bg_image_animation=\u00a0\u00bbnone\u00a0\u00bb][vc_column column_padding=\u00a0\u00bbno-extra-padding\u00a0\u00bb&#8230;<\/p>\n","protected":false},"author":1,"featured_media":0,"parent":0,"menu_order":0,"comment_status":"closed","ping_status":"closed","template":"","meta":{"inline_featured_image":false,"footnotes":""},"class_list":["post-856","page","type-page","status-publish"],"_links":{"self":[{"href":"https:\/\/alkemahorizon.com\/fr\/wp-json\/wp\/v2\/pages\/856","targetHints":{"allow":["GET"]}}],"collection":[{"href":"https:\/\/alkemahorizon.com\/fr\/wp-json\/wp\/v2\/pages"}],"about":[{"href":"https:\/\/alkemahorizon.com\/fr\/wp-json\/wp\/v2\/types\/page"}],"author":[{"embeddable":true,"href":"https:\/\/alkemahorizon.com\/fr\/wp-json\/wp\/v2\/users\/1"}],"replies":[{"embeddable":true,"href":"https:\/\/alkemahorizon.com\/fr\/wp-json\/wp\/v2\/comments?post=856"}],"version-history":[{"count":8,"href":"https:\/\/alkemahorizon.com\/fr\/wp-json\/wp\/v2\/pages\/856\/revisions"}],"predecessor-version":[{"id":1449,"href":"https:\/\/alkemahorizon.com\/fr\/wp-json\/wp\/v2\/pages\/856\/revisions\/1449"}],"wp:attachment":[{"href":"https:\/\/alkemahorizon.com\/fr\/wp-json\/wp\/v2\/media?parent=856"}],"curies":[{"name":"wp","href":"https:\/\/api.w.org\/{rel}","templated":true}]}}